{"id":12334,"date":"2021-11-16T09:42:11","date_gmt":"2021-11-16T09:42:11","guid":{"rendered":"http:\/\/s881623374.onlinehome.fr\/?page_id=12334"},"modified":"2021-11-16T09:42:11","modified_gmt":"2021-11-16T09:42:11","slug":"general-terms-and-conditions-of-sale","status":"publish","type":"page","link":"https:\/\/isabelle-delannoy.com\/en\/general-terms-and-conditions-of-sale\/","title":{"rendered":"General Terms and Conditions of Sale"},"content":{"rendered":"<p>[et_pb_section fb_built=&#8221;1&#8243; _builder_version=&#8221;4.9.7&#8243; custom_padding=&#8221;33px||33px||true|&#8221; global_colors_info=&#8221;{}&#8221; theme_builder_area=&#8221;post_content&#8221;][et_pb_row _builder_version=&#8221;4.9.7&#8243; background_size=&#8221;initial&#8221; background_position=&#8221;top_left&#8221; background_repeat=&#8221;repeat&#8221; width=&#8221;90%&#8221; max_width=&#8221;80%&#8221; module_alignment=&#8221;center&#8221; global_colors_info=&#8221;{}&#8221; theme_builder_area=&#8221;post_content&#8221;][et_pb_column type=&#8221;4_4&#8243; _builder_version=&#8221;3.25&#8243; custom_padding=&#8221;|||&#8221; global_colors_info=&#8221;{}&#8221; custom_padding__hover=&#8221;|||&#8221; theme_builder_area=&#8221;post_content&#8221;][et_pb_text _builder_version=&#8221;4.9.7&#8243; _module_preset=&#8221;default&#8221; header_font=&#8221;|600|||||||&#8221; header_text_align=&#8221;center&#8221; header_text_color=&#8221;#666666&#8243; custom_margin=&#8221;||14px|||&#8221; global_colors_info=&#8221;{}&#8221; theme_builder_area=&#8221;post_content&#8221;]<\/p>\n<h1>Mentions l\u00e9gales<\/h1>\n<p>[\/et_pb_text][et_pb_text _builder_version=&#8221;4.9.7&#8243; _module_preset=&#8221;default&#8221; text_orientation=&#8221;justified&#8221; global_colors_info=&#8221;{}&#8221; theme_builder_area=&#8221;post_content&#8221;]<\/p>\n<p>Les pr\u00e9sentes conditions de vente sont conclues d\u2019une part par la soci\u00e9t\u00e9 Isabelle Delannoy dont le si\u00e8ge social est situ\u00e9 au 9 rue de l&#8217;hippodrome, B\u00e2timent 6, 93400 Saint-Ouen sur Seine, immatricul\u00e9e au Registre du Commerce et des Soci\u00e9t\u00e9s de INSEE sous le num\u00e9ro 498 245 331 000 26 ci-apr\u00e8s d\u00e9nomm\u00e9e &#8220;Isabelle Delannoy&#8221; et g\u00e9rant le site https:\/\/isabelle-delannoy.com et, d\u2019autre part, par toute personne physique ou morale souhaitant proc\u00e9der \u00e0 un achat via le site internet isabelle-delannoy.com d\u00e9nomm\u00e9e ci-apr\u00e8s &#8220;l\u2019acheteur&#8221;.<\/p>\n<p>[\/et_pb_text][et_pb_toggle title=&#8221;Article 1. Objet&#8221; open_toggle_text_color=&#8221;#666666&#8243; open_toggle_background_color=&#8221;rgba(149,157,147,0.68)&#8221; closed_toggle_background_color=&#8221;#959d93&#8243; icon_color=&#8221;#FFFFFF&#8221; open_icon_color=&#8221;#FFFFFF&#8221; _builder_version=&#8221;4.13.0&#8243; _module_preset=&#8221;default&#8221; title_text_color=&#8221;#FFFFFF&#8221; title_font=&#8221;|600||||on|||&#8221; title_text_align=&#8221;justify&#8221; title_font_size=&#8221;20px&#8221; title_letter_spacing=&#8221;2px&#8221; title_line_height=&#8221;0.5em&#8221; body_font=&#8221;|600|||||||&#8221; body_text_align=&#8221;justify&#8221; body_text_color=&#8221;#333333&#8243; body_font_size=&#8221;16px&#8221; body_link_font=&#8221;||||on|on||#ffffff|&#8221; body_link_text_color=&#8221;#ffffff&#8221; text_orientation=&#8221;left&#8221; global_colors_info=&#8221;{}&#8221; theme_builder_area=&#8221;post_content&#8221;]Les pr\u00e9sentes conditions de vente visent \u00e0 d\u00e9finir les relations contractuelles entre Isabelle Delannoy et l\u2019acheteur et les conditions applicables \u00e0 tout achat effectu\u00e9 par le biais du site internet isabelle-delannoy.com. L\u2019acquisition d\u2019un produit \u00e0 travers le pr\u00e9sent site implique une acceptation sans r\u00e9serve par l\u2019acheteur des pr\u00e9sentes conditions de vente dont l\u2019acheteur reconna\u00eet avoir pris connaissance pr\u00e9alablement \u00e0 sa commande. Avant toute transaction, l\u2019acheteur d\u00e9clare d\u2019une part que l\u2019achat de produits sur le site isabelle-delannoy.com est sans rapport direct avec son activit\u00e9 professionnelle et est limit\u00e9 \u00e0 une utilisation strictement personnelle et d\u2019autre part avoir la pleine capacit\u00e9 juridique, lui permettant de s\u2019engager au titre des pr\u00e9sentes conditions g\u00e9n\u00e9rales de ventes.<\/p>\n<p>La soci\u00e9t\u00e9 Isabelle Delannoy conserve la possibilit\u00e9 de modifier \u00e0 tout moment ces conditions de ventes, afin de respecter toute nouvelle r\u00e9glementation ou dans le but d&#8217;am\u00e9liorer l\u2019utilisation de son site. De ce fait, les conditions applicables seront celles en vigueur \u00e0 la date de la commande par l\u2019acheteur.[\/et_pb_toggle][et_pb_toggle title=&#8221;Article 2. Produits&#8221; open_toggle_text_color=&#8221;#666666&#8243; open_toggle_background_color=&#8221;rgba(149,157,147,0.68)&#8221; closed_toggle_background_color=&#8221;#959d93&#8243; icon_color=&#8221;#FFFFFF&#8221; open_icon_color=&#8221;#FFFFFF&#8221; _builder_version=&#8221;4.13.0&#8243; _module_preset=&#8221;default&#8221; title_text_color=&#8221;#FFFFFF&#8221; title_font=&#8221;|600||||on|||&#8221; title_text_align=&#8221;justify&#8221; title_font_size=&#8221;20px&#8221; title_letter_spacing=&#8221;2px&#8221; title_line_height=&#8221;0.5em&#8221; body_font=&#8221;|600|||||||&#8221; body_text_align=&#8221;justify&#8221; body_text_color=&#8221;#333333&#8243; body_font_size=&#8221;16px&#8221; body_link_font=&#8221;||||on|on||#ffffff|&#8221; body_link_text_color=&#8221;#ffffff&#8221; text_orientation=&#8221;justified&#8221; global_colors_info=&#8221;{}&#8221; theme_builder_area=&#8221;post_content&#8221;]<\/p>\n<p>Les produits propos\u00e9s sont ceux qui figurent sur le site \u00a0isabelle-delannoy.com de l\u2019artiste <strong>Isabelle Delannoy<\/strong>, dans la limite des stocks disponibles. La soci\u00e9t\u00e9 <strong>Isabelle Delannoy <\/strong>se r\u00e9serve le droit de modifier \u00e0 tout moment l\u2019assortiment de produits. Chaque produit est pr\u00e9sent\u00e9 sur le site internet sous forme d\u2019un descriptif reprenant ses principales caract\u00e9ristiques techniques. Les photographies sont les plus fid\u00e8les possibles mais n\u2019engagent en rien le Vendeur.<\/p>\n<p>[\/et_pb_toggle][et_pb_toggle title=&#8221;Article 4. Commande et modalit\u00e9s de paiement&#8221; open_toggle_text_color=&#8221;#666666&#8243; open_toggle_background_color=&#8221;rgba(149,157,147,0.68)&#8221; closed_toggle_background_color=&#8221;#959d93&#8243; icon_color=&#8221;#FFFFFF&#8221; open_icon_color=&#8221;#FFFFFF&#8221; _builder_version=&#8221;4.13.0&#8243; _module_preset=&#8221;default&#8221; title_text_color=&#8221;#FFFFFF&#8221; title_font=&#8221;|600||||on|||&#8221; title_text_align=&#8221;justify&#8221; title_font_size=&#8221;20px&#8221; title_letter_spacing=&#8221;2px&#8221; title_line_height=&#8221;0.5em&#8221; body_font=&#8221;|600|||||||&#8221; body_text_align=&#8221;justify&#8221; body_text_color=&#8221;#333333&#8243; body_font_size=&#8221;16px&#8221; body_link_font=&#8221;||||on|on||#ffffff|&#8221; body_link_text_color=&#8221;#ffffff&#8221; text_orientation=&#8221;left&#8221; global_colors_info=&#8221;{}&#8221; theme_builder_area=&#8221;post_content&#8221;]<\/p>\n<p>&#8211; Paiement s\u00e9curis\u00e9 par carte bancaire (via le syst\u00e8me STRIPE) : l\u2019acheteur s\u00e9lectionne les produits qu\u2019il souhaite commander via le bouton d\u2019achat indiquant le prix. Enfin, l\u2019acheteur est redirig\u00e9 sur l\u2019interface s\u00e9curis\u00e9e Stripe afin de renseigner en toute s\u00e9curit\u00e9 ses r\u00e9f\u00e9rences de carte bleue personnelle. Si le paiement est accept\u00e9, la commande est enregistr\u00e9e et le contrat d\u00e9finitivement form\u00e9. L\u2019\u00e9tape suivante lui propose de v\u00e9rifier l\u2019ensemble des informations, prendre connaissance et accepter les pr\u00e9sentes conditions g\u00e9n\u00e9rales de vente en cochant la case correspondante, puis l\u2019invite \u00e0 valider sa commande en cliquant sur le bouton \u00ab Confirmer ma commande \u00bb. Le paiement par carte bancaire est irr\u00e9vocable. En cas d\u2019utilisation frauduleuse de celle-ci, l\u2019acheteur pourra exiger l\u2019annulation du paiement par carte, les sommes vers\u00e9es seront alors recr\u00e9dit\u00e9es ou restitu\u00e9es. Pour obtenir le remboursement du d\u00e9bit frauduleux et des \u00e9ventuels frais bancaires que l\u2019op\u00e9ration a pu engendrer, le porteur de la carte doit contester, par \u00e9crit, le pr\u00e9l\u00e8vement aupr\u00e8s de sa banque, dans les 70 jours suivant l\u2019op\u00e9ration, voire 120 jours si le contrat le liant \u00e0 celle-ci le pr\u00e9voit. Les montants pr\u00e9lev\u00e9s sont rembours\u00e9s par la banque dans un d\u00e9lai maximum d\u2019un mois apr\u00e8s r\u00e9ception de la contestation \u00e9crite form\u00e9e par le porteur. Aucun frais de restitution des sommes ne pourra \u00eatre mis \u00e0 la charge du titulaire.<\/p>\n<p>La confirmation d\u2019une commande entra\u00eene acceptation des pr\u00e9sentes conditions de vente, la reconnaissance d\u2019en avoir parfaite connaissance et la renonciation \u00e0 se pr\u00e9valoir de ses propres conditions d\u2019achat. L\u2019ensemble des donn\u00e9es fournies et la confirmation enregistr\u00e9e vaudront preuve de la transaction. Si l\u2019acheteur poss\u00e8de une adresse \u00e9lectronique et s\u2019il l\u2019a renseign\u00e9e sur son bon de commande, la soci\u00e9t\u00e9 Isabelle Delannoy lui communiquera par courrier \u00e9lectronique la confirmation de l\u2019enregistrement de sa commande.<\/p>\n<p>[\/et_pb_toggle][et_pb_toggle title=&#8221;Article 5. R\u00e9tractation&#8221; open_toggle_text_color=&#8221;#666666&#8243; open_toggle_background_color=&#8221;rgba(149,157,147,0.68)&#8221; closed_toggle_background_color=&#8221;#959d93&#8243; icon_color=&#8221;#FFFFFF&#8221; open_icon_color=&#8221;#FFFFFF&#8221; _builder_version=&#8221;4.13.0&#8243; _module_preset=&#8221;default&#8221; title_text_color=&#8221;#FFFFFF&#8221; title_font=&#8221;|600||||on|||&#8221; title_text_align=&#8221;justify&#8221; title_font_size=&#8221;20px&#8221; title_letter_spacing=&#8221;2px&#8221; title_line_height=&#8221;0.5em&#8221; body_font=&#8221;|600|||||||&#8221; body_text_align=&#8221;justify&#8221; body_text_color=&#8221;#333333&#8243; body_font_size=&#8221;16px&#8221; body_link_font=&#8221;||||on|on||#ffffff|&#8221; body_link_text_color=&#8221;#ffffff&#8221; text_orientation=&#8221;left&#8221; global_colors_info=&#8221;{}&#8221; theme_builder_area=&#8221;post_content&#8221;]En vertu de l\u2019article L121-20 du Code de la consommation, l\u2019acheteur dispose d&#8217;un d\u00e9lai de quatorze jours ouvrables \u00e0 compter de la livraison de leur commande pour exercer son droit de r\u00e9tractation et ainsi faire retour du produit au vendeur pour \u00e9change ou remboursement sans p\u00e9nalit\u00e9, \u00e0 l\u2019exception des frais de retour.[\/et_pb_toggle][et_pb_toggle title=&#8221;Article 6. Livraison&#8221; open_toggle_text_color=&#8221;#666666&#8243; open_toggle_background_color=&#8221;rgba(149,157,147,0.68)&#8221; closed_toggle_background_color=&#8221;#959d93&#8243; icon_color=&#8221;#FFFFFF&#8221; open_icon_color=&#8221;#FFFFFF&#8221; _builder_version=&#8221;4.13.0&#8243; _module_preset=&#8221;default&#8221; title_text_color=&#8221;#FFFFFF&#8221; title_font=&#8221;|600||||on|||&#8221; title_text_align=&#8221;justify&#8221; title_font_size=&#8221;20px&#8221; title_letter_spacing=&#8221;2px&#8221; title_line_height=&#8221;0.5em&#8221; body_font=&#8221;|600|||||||&#8221; body_text_align=&#8221;justify&#8221; body_text_color=&#8221;#333333&#8243; body_font_size=&#8221;16px&#8221; body_link_font=&#8221;||||on|on||#ffffff|&#8221; body_link_text_color=&#8221;#ffffff&#8221; text_orientation=&#8221;left&#8221; global_colors_info=&#8221;{}&#8221; theme_builder_area=&#8221;post_content&#8221;]<\/p>\n<p>Les livraisons sont faites \u00e0 l\u2019adresse indiqu\u00e9e sur le bon de commande qui ne peut \u00eatre que dans la zone g\u00e9ographique convenue. Les risques li\u00e9s au transport sont \u00e0 la charge de l&#8217;acqu\u00e9reur \u00e0 compter du moment o\u00f9 les articles quittent les locaux de la soci\u00e9t\u00e9 Isabelle Delannoy. En cas de dommage pendant le transport, toute protestation doit \u00eatre effectu\u00e9e aupr\u00e8s du transporteur dans un d\u00e9lai de trois jours \u00e0 compter de la livraison.<\/p>\n<p>[\/et_pb_toggle][et_pb_toggle title=&#8221;Article 7. Garantie&#8221; open_toggle_text_color=&#8221;#666666&#8243; open_toggle_background_color=&#8221;rgba(149,157,147,0.68)&#8221; closed_toggle_background_color=&#8221;#959d93&#8243; icon_color=&#8221;#FFFFFF&#8221; open_icon_color=&#8221;#FFFFFF&#8221; _builder_version=&#8221;4.13.0&#8243; _module_preset=&#8221;default&#8221; title_text_color=&#8221;#FFFFFF&#8221; title_font=&#8221;|600||||on|||&#8221; title_text_align=&#8221;justify&#8221; title_font_size=&#8221;20px&#8221; title_letter_spacing=&#8221;2px&#8221; title_line_height=&#8221;0.5em&#8221; body_font=&#8221;|600|||||||&#8221; body_text_align=&#8221;justify&#8221; body_text_color=&#8221;#333333&#8243; body_font_size=&#8221;16px&#8221; body_link_font=&#8221;||||on|on||#ffffff|&#8221; body_link_text_color=&#8221;#ffffff&#8221; text_orientation=&#8221;left&#8221; global_colors_info=&#8221;{}&#8221; theme_builder_area=&#8221;post_content&#8221;]l&#8217;Acheteur, \u00e0 savoir : la garantie de non-conformit\u00e9 et la garantie des vices cach\u00e9s.[\/et_pb_toggle][et_pb_toggle title=&#8221;Article 8. Responsabilit\u00e9&#8221; open_toggle_text_color=&#8221;#666666&#8243; open_toggle_background_color=&#8221;rgba(149,157,147,0.68)&#8221; closed_toggle_background_color=&#8221;#959d93&#8243; icon_color=&#8221;#FFFFFF&#8221; open_icon_color=&#8221;#FFFFFF&#8221; _builder_version=&#8221;4.13.0&#8243; _module_preset=&#8221;default&#8221; title_text_color=&#8221;#FFFFFF&#8221; title_font=&#8221;|600||||on|||&#8221; title_text_align=&#8221;justify&#8221; title_font_size=&#8221;20px&#8221; title_letter_spacing=&#8221;2px&#8221; title_line_height=&#8221;0.5em&#8221; body_font=&#8221;|600|||||||&#8221; body_text_align=&#8221;justify&#8221; body_text_color=&#8221;#333333&#8243; body_font_size=&#8221;16px&#8221; body_link_font=&#8221;||||on|on||#ffffff|&#8221; body_link_text_color=&#8221;#ffffff&#8221; text_orientation=&#8221;left&#8221; global_colors_info=&#8221;{}&#8221; theme_builder_area=&#8221;post_content&#8221;]La soci\u00e9t\u00e9 Isabelle Delannoy, dans le processus de vente \u00e0 distance, n\u2019est tenue que par une obligation de moyens. Sa responsabilit\u00e9 ne pourra \u00eatre engag\u00e9e pour un dommage r\u00e9sultant de l\u2019utilisation du r\u00e9seau Internet tel que perte de donn\u00e9es, intrusion, virus, rupture du service, ou autres probl\u00e8mes involontaires.[\/et_pb_toggle][et_pb_toggle title=&#8221;Article 9. R\u00e8glement des litiges&#8221; open_toggle_text_color=&#8221;#666666&#8243; open_toggle_background_color=&#8221;rgba(149,157,147,0.68)&#8221; closed_toggle_background_color=&#8221;#959d93&#8243; icon_color=&#8221;#FFFFFF&#8221; open_icon_color=&#8221;#FFFFFF&#8221; _builder_version=&#8221;4.13.0&#8243; _module_preset=&#8221;default&#8221; title_text_color=&#8221;#FFFFFF&#8221; title_font=&#8221;|600||||on|||&#8221; title_text_align=&#8221;justify&#8221; title_font_size=&#8221;20px&#8221; title_letter_spacing=&#8221;2px&#8221; title_line_height=&#8221;0.5em&#8221; body_font=&#8221;|600|||||||&#8221; body_text_align=&#8221;justify&#8221; body_text_color=&#8221;#333333&#8243; body_font_size=&#8221;16px&#8221; body_link_font=&#8221;||||on|on||#ffffff|&#8221; body_link_text_color=&#8221;#ffffff&#8221; text_orientation=&#8221;left&#8221; global_colors_info=&#8221;{}&#8221; theme_builder_area=&#8221;post_content&#8221;]<\/p>\n<p>Les pr\u00e9sentes conditions de vente \u00e0 distance sont soumises \u00e0 la loi fran\u00e7aise. Pour tous litiges ou contentieux, le Tribunal comp\u00e9tent sera celui de Paris.<\/p>\n<p>[\/et_pb_toggle][\/et_pb_column][\/et_pb_row][\/et_pb_section]<\/p>\n","protected":false},"excerpt":{"rendered":"<p>Mentions l\u00e9gales Les pr\u00e9sentes conditions de vente sont conclues d\u2019une part par la soci\u00e9t\u00e9 Isabelle Delannoy dont le si\u00e8ge social est situ\u00e9 au 9 rue de l&#8217;hippodrome, B\u00e2timent 6, 93400 Saint-Ouen sur Seine, immatricul\u00e9e au Registre du Commerce et des Soci\u00e9t\u00e9s de INSEE sous le num\u00e9ro 498 245 331 000 26 ci-apr\u00e8s d\u00e9nomm\u00e9e &#8220;Isabelle Delannoy&#8221; [&hellip;]<\/p>\n","protected":false},"author":12,"featured_media":0,"parent":0,"menu_order":0,"comment_status":"closed","ping_status":"closed","template":"","meta":{"_et_pb_use_builder":"on","_et_pb_old_content":"","_et_gb_content_width":"","footnotes":""},"class_list":["post-12334","page","type-page","status-publish","hentry"],"jetpack_sharing_enabled":true,"_links":{"self":[{"href":"https:\/\/isabelle-delannoy.com\/en\/wp-json\/wp\/v2\/pages\/12334","targetHints":{"allow":["GET"]}}],"collection":[{"href":"https:\/\/isabelle-delannoy.com\/en\/wp-json\/wp\/v2\/pages"}],"about":[{"href":"https:\/\/isabelle-delannoy.com\/en\/wp-json\/wp\/v2\/types\/page"}],"author":[{"embeddable":true,"href":"https:\/\/isabelle-delannoy.com\/en\/wp-json\/wp\/v2\/users\/12"}],"replies":[{"embeddable":true,"href":"https:\/\/isabelle-delannoy.com\/en\/wp-json\/wp\/v2\/comments?post=12334"}],"version-history":[{"count":0,"href":"https:\/\/isabelle-delannoy.com\/en\/wp-json\/wp\/v2\/pages\/12334\/revisions"}],"wp:attachment":[{"href":"https:\/\/isabelle-delannoy.com\/en\/wp-json\/wp\/v2\/media?parent=12334"}],"curies":[{"name":"wp","href":"https:\/\/api.w.org\/{rel}","templated":true}]}}