{"id":12264,"date":"2021-11-15T16:35:07","date_gmt":"2021-11-15T16:35:07","guid":{"rendered":"http:\/\/s881623374.onlinehome.fr\/?page_id=12264"},"modified":"2024-09-09T18:44:10","modified_gmt":"2024-09-09T18:44:10","slug":"legal-information","status":"publish","type":"page","link":"https:\/\/isabelle-delannoy.com\/en\/legal-information\/","title":{"rendered":"Legal Information"},"content":{"rendered":"<p>[et_pb_section fb_built=&#8221;1&#8243; _builder_version=&#8221;4.9.7&#8243; custom_padding=&#8221;33px||33px||true|&#8221; global_colors_info=&#8221;{}&#8221;][et_pb_row column_structure=&#8221;1_2,1_2&#8243; _builder_version=&#8221;4.9.7&#8243; background_size=&#8221;initial&#8221; background_position=&#8221;top_left&#8221; background_repeat=&#8221;repeat&#8221; width=&#8221;90%&#8221; max_width=&#8221;80%&#8221; module_alignment=&#8221;center&#8221; global_colors_info=&#8221;{}&#8221;][et_pb_column type=&#8221;1_2&#8243; _builder_version=&#8221;3.25&#8243; custom_padding=&#8221;|||&#8221; global_colors_info=&#8221;{}&#8221; custom_padding__hover=&#8221;|||&#8221;][et_pb_text _builder_version=&#8221;4.9.7&#8243; _module_preset=&#8221;default&#8221; header_font=&#8221;|600|||||||&#8221; header_text_align=&#8221;center&#8221; header_text_color=&#8221;#666666&#8243; custom_margin=&#8221;||14px|||&#8221; global_colors_info=&#8221;{}&#8221;]<\/p>\n<h1>Mentions l\u00e9gales<\/h1>\n<p>[\/et_pb_text][et_pb_toggle title=&#8221;Propri\u00e9t\u00e9&#8221; open_toggle_text_color=&#8221;#666666&#8243; open_toggle_background_color=&#8221;rgba(149,157,147,0.68)&#8221; closed_toggle_background_color=&#8221;#959d93&#8243; icon_color=&#8221;#FFFFFF&#8221; open_icon_color=&#8221;#FFFFFF&#8221; _builder_version=&#8221;4.13.0&#8243; _module_preset=&#8221;default&#8221; title_text_color=&#8221;#FFFFFF&#8221; title_font=&#8221;|600||||on|||&#8221; title_text_align=&#8221;justify&#8221; title_font_size=&#8221;20px&#8221; title_letter_spacing=&#8221;2px&#8221; title_line_height=&#8221;0.5em&#8221; body_font=&#8221;|600|||||||&#8221; body_text_align=&#8221;justify&#8221; body_text_color=&#8221;#333333&#8243; body_font_size=&#8221;16px&#8221; body_link_font=&#8221;||||on|on||#ffffff|&#8221; body_link_text_color=&#8221;#ffffff&#8221; text_orientation=&#8221;left&#8221; global_colors_info=&#8221;{}&#8221;]Le pr\u00e9sent site est la propri\u00e9t\u00e9 d&#8217;<strong>Isabelle Delannoy<\/strong>, immatricul\u00e9e au R\u00e9pertoire des Entreprises et d\u2019\u00c9tablissement sous le n\u00b0498 245 331 00026, dont le si\u00e8ge social est situ\u00e9 au 9 rue de l&#8217;Hippodrome 93400 SAINT-OUEN-SUR-SEINE &#8211; France. La directrice de la publication de ce site web est Isabelle Delannoy &amp; Alexia Aranega.<br \/>\n[\/et_pb_toggle][et_pb_toggle title=&#8221;H\u00e9bergement&#8221; open_toggle_text_color=&#8221;#666666&#8243; open_toggle_background_color=&#8221;rgba(149,157,147,0.68)&#8221; closed_toggle_background_color=&#8221;#959d93&#8243; icon_color=&#8221;#FFFFFF&#8221; open_icon_color=&#8221;#FFFFFF&#8221; _builder_version=&#8221;4.13.0&#8243; _module_preset=&#8221;default&#8221; title_text_color=&#8221;#FFFFFF&#8221; title_font=&#8221;|600||||on|||&#8221; title_text_align=&#8221;justify&#8221; title_font_size=&#8221;20px&#8221; title_letter_spacing=&#8221;2px&#8221; title_line_height=&#8221;0.5em&#8221; body_font=&#8221;|600|||||||&#8221; body_text_align=&#8221;justify&#8221; body_text_color=&#8221;#333333&#8243; body_font_size=&#8221;16px&#8221; body_link_font=&#8221;||||on|on||#ffffff|&#8221; body_link_text_color=&#8221;#ffffff&#8221; text_orientation=&#8221;left&#8221; global_colors_info=&#8221;{}&#8221;]La soci\u00e9t\u00e9 OVH | RCS Roubaix &#8211; Tourcoing 424 761 419 00045 | Si\u00e8ge social : 2 rue Kellermann &#8211; 59100 Roubaix en France<br \/>\n[\/et_pb_toggle][et_pb_toggle title=&#8221;Conception&#8221; open_toggle_text_color=&#8221;#666666&#8243; open_toggle_background_color=&#8221;rgba(149,157,147,0.68)&#8221; closed_toggle_background_color=&#8221;#959d93&#8243; icon_color=&#8221;#FFFFFF&#8221; open_icon_color=&#8221;#FFFFFF&#8221; _builder_version=&#8221;4.13.0&#8243; _module_preset=&#8221;default&#8221; title_text_color=&#8221;#FFFFFF&#8221; title_font=&#8221;|600||||on|||&#8221; title_text_align=&#8221;justify&#8221; title_font_size=&#8221;20px&#8221; title_letter_spacing=&#8221;2px&#8221; title_line_height=&#8221;0.5em&#8221; body_font=&#8221;|600|||||||&#8221; body_text_align=&#8221;justify&#8221; body_text_color=&#8221;#333333&#8243; body_font_size=&#8221;16px&#8221; body_link_font=&#8221;||||on|on||#ffffff|&#8221; body_link_text_color=&#8221;#ffffff&#8221; text_orientation=&#8221;left&#8221; global_colors_info=&#8221;{}&#8221;]Sylbohec | Sylvie TINSEAU &#8211; sylvie@sylbohec.com &#8211; Si\u00e8ge social situ\u00e9 au 6 r\u00e9sidence les quinconces 91190 Gif sur Yvette &#8211; France<br \/>\n[\/et_pb_toggle][et_pb_toggle title=&#8221;Propri\u00e9t\u00e9 intellectuelle&#8221; open_toggle_text_color=&#8221;#666666&#8243; open_toggle_background_color=&#8221;rgba(149,157,147,0.68)&#8221; closed_toggle_background_color=&#8221;#959d93&#8243; icon_color=&#8221;#FFFFFF&#8221; open_icon_color=&#8221;#FFFFFF&#8221; _builder_version=&#8221;4.13.0&#8243; _module_preset=&#8221;default&#8221; title_text_color=&#8221;#FFFFFF&#8221; title_font=&#8221;|600||||on|||&#8221; title_text_align=&#8221;justify&#8221; title_font_size=&#8221;20px&#8221; title_letter_spacing=&#8221;2px&#8221; title_line_height=&#8221;0.5em&#8221; body_font=&#8221;|600|||||||&#8221; body_text_align=&#8221;justify&#8221; body_text_color=&#8221;#333333&#8243; body_font_size=&#8221;16px&#8221; body_link_font=&#8221;||||on|on||#ffffff|&#8221; body_link_text_color=&#8221;#ffffff&#8221; text_orientation=&#8221;left&#8221; global_colors_info=&#8221;{}&#8221;]Il est rappel\u00e9 que selon le Code fran\u00e7ais de la propri\u00e9t\u00e9 intellectuelle (Art. L. 122-4), toute repr\u00e9sentation ou reproduction int\u00e9grale ou partielle faite sans le consentement des auteurs ou de ses ayants droit est illicite et punie selon les lois relatives au d\u00e9lit de contrefa\u00e7on. Il en est de m\u00eame pour la traduction, l\u2019arrangement ou la reproduction par un art ou un proc\u00e9d\u00e9 quelconque.<\/p>\n<p>Les logos de <strong>Isabelle Delannoy<\/strong>, et de ses partenaires, figurant sur le site web sont des marques (semi-figuratives ou non) d\u00e9pos\u00e9es. Toute reproduction totale ou partielle de ces logos, sans l\u2019autorisation expresse de <strong>Isabelle Delannoy <\/strong>est donc prohib\u00e9e, au sens de l\u2019article Art. L. 122-4 de la propri\u00e9t\u00e9 intellectuelle.<br \/>\n[\/et_pb_toggle][et_pb_toggle title=&#8221; Informations g\u00e9n\u00e9rales&#8221; open_toggle_text_color=&#8221;#666666&#8243; open_toggle_background_color=&#8221;rgba(149,157,147,0.68)&#8221; closed_toggle_background_color=&#8221;#959d93&#8243; icon_color=&#8221;#FFFFFF&#8221; open_icon_color=&#8221;#FFFFFF&#8221; _builder_version=&#8221;4.13.0&#8243; _module_preset=&#8221;default&#8221; title_text_color=&#8221;#FFFFFF&#8221; title_font=&#8221;|600||||on|||&#8221; title_text_align=&#8221;justify&#8221; title_font_size=&#8221;20px&#8221; title_letter_spacing=&#8221;2px&#8221; title_line_height=&#8221;0.5em&#8221; body_font=&#8221;|600|||||||&#8221; body_text_align=&#8221;justify&#8221; body_text_color=&#8221;#333333&#8243; body_font_size=&#8221;16px&#8221; body_link_font=&#8221;||||on|on||#ffffff|&#8221; body_link_text_color=&#8221;#ffffff&#8221; text_orientation=&#8221;left&#8221; global_colors_info=&#8221;{}&#8221;]<strong>Isabelle Delannoy<\/strong> met tout en \u0153uvre pour offrir aux utilisateurs des informations et\/ou outils disponibles et v\u00e9rifi\u00e9s, mais ne saurait \u00eatre tenue pour responsable des erreurs, d\u2019une absence de disponibilit\u00e9 des informations et\/ou de la pr\u00e9sence de virus sur son site web.<\/p>\n<p><strong>Isabelle Delannoy<\/strong> fera le maximum pour rendre le site accessible 24 heures sur 24 et 7 jours sur 7, mais ne saurait en aucun cas engager sa responsabilit\u00e9 pour des raisons d\u2019inaccessibilit\u00e9 au site web. L\u2019utilisateur est inform\u00e9 que, lors de ses visites sur le site web, un cookie peut s\u2019installer automatiquement sur son logiciel de navigation. Le cookie &#8220;est une suite d&#8217;informations, g\u00e9n\u00e9ralement de petite taille et identifi\u00e9 par un nom, qui peut \u00eatre transmis \u00e0 votre navigateur par un site web sur lequel vous vous connectez&#8221; (source CNIL). Le cookie collectant indirectement des informations nominatives concernant l\u2019utilisateur, ce dernier dispose \u00e9galement d\u2019un droit de consultation, de retrait et de modification. Les textes, images anim\u00e9es ou fixes, savoir-faire, dessins, graphismes et tout autre \u00e9l\u00e9ment composant le site web sont la propri\u00e9t\u00e9 exclusive de <strong>Isabelle Delannoy<\/strong>, conform\u00e9ment \u00e0 la loi du 11 mars 1957.<\/p>\n<p><strong>Isabelle Delannoy<\/strong> invite les utilisateurs du site web \u00e0 faire part d\u2019\u00e9ventuelles omissions, erreurs, ou corrections, en adressant un courriel \u00e0 l\u2019adresse suivante : contact@stg-isabelledelannoy-devisa.kinsta.cloud<br \/>\n[\/et_pb_toggle][et_pb_text _builder_version=&#8221;4.9.7&#8243; _module_preset=&#8221;default&#8221; header_font=&#8221;|600|||||||&#8221; header_text_align=&#8221;center&#8221; header_text_color=&#8221;#666666&#8243; custom_margin=&#8221;||14px|||&#8221; global_colors_info=&#8221;{}&#8221;]<\/p>\n<h1>Cookie &amp; Statistiques<\/h1>\n<p>[\/et_pb_text][et_pb_toggle title=&#8221;Cookie&#8221; open_toggle_text_color=&#8221;#666666&#8243; open_toggle_background_color=&#8221;rgba(149,157,147,0.68)&#8221; closed_toggle_background_color=&#8221;#959d93&#8243; icon_color=&#8221;#FFFFFF&#8221; open_icon_color=&#8221;#FFFFFF&#8221; _builder_version=&#8221;4.13.0&#8243; _module_preset=&#8221;default&#8221; title_text_color=&#8221;#FFFFFF&#8221; title_font=&#8221;|600||||on|||&#8221; title_text_align=&#8221;justify&#8221; title_font_size=&#8221;20px&#8221; title_letter_spacing=&#8221;2px&#8221; title_line_height=&#8221;0.5em&#8221; body_font=&#8221;|600|||||||&#8221; body_text_align=&#8221;justify&#8221; body_text_color=&#8221;#333333&#8243; body_font_size=&#8221;16px&#8221; body_link_font=&#8221;||||on|on||#ffffff|&#8221; body_link_text_color=&#8221;#ffffff&#8221; text_orientation=&#8221;left&#8221; global_colors_info=&#8221;{}&#8221;]Si vous ne voulez pas que les sites visit\u00e9s suivent votre comportement et vous proposent de la publicit\u00e9 comportementale, vous pouvez choisir de configurer votre navigateur (Internet Explorer, Firefox, Chrome, Safari\u2026) pour refuser les cookies. Notez toutefois que si vous d\u00e9sactivez totalement les cookies, vos donn\u00e9es d\u2019acc\u00e8s (nom d\u2019utilisateur \/ mot de passe) ne seront plus sauvegard\u00e9es sur aucun site web, m\u00eame vos pr\u00e9f\u00e9r\u00e9s. Donc, lisez bien les options que vous offre votre navigateur pour g\u00e9rer vos cookies en connaissance de cause.<\/p>\n<p>Prenez connaissance des recommandations de <a title=\"LA CNIL en direct sur leur site\u00a0pour les cookies\" href=\"https:\/\/www.cnil.fr\/fr\/cookies-et-autres-traceurs\/comment-se-proteger\/maitriser-votre-navigateur\" target=\"_blank\" rel=\"noopener noreferrer\">LA CNIL en direct sur leur site\u00a0pour les cookies<\/a> !<br \/>\n[\/et_pb_toggle][et_pb_toggle title=&#8221;Statistiques avec Google Analytics&#8221; open_toggle_text_color=&#8221;#666666&#8243; open_toggle_background_color=&#8221;rgba(149,157,147,0.68)&#8221; closed_toggle_background_color=&#8221;#959d93&#8243; icon_color=&#8221;#FFFFFF&#8221; open_icon_color=&#8221;#FFFFFF&#8221; _builder_version=&#8221;4.13.0&#8243; _module_preset=&#8221;default&#8221; title_text_color=&#8221;#FFFFFF&#8221; title_font=&#8221;|600||||on|||&#8221; title_text_align=&#8221;justify&#8221; title_font_size=&#8221;20px&#8221; title_letter_spacing=&#8221;2px&#8221; title_line_height=&#8221;0.5em&#8221; body_font=&#8221;|600|||||||&#8221; body_text_align=&#8221;justify&#8221; body_text_color=&#8221;#333333&#8243; body_font_size=&#8221;16px&#8221; body_link_font=&#8221;||||on|on||#ffffff|&#8221; body_link_text_color=&#8221;#ffffff&#8221; text_orientation=&#8221;left&#8221; global_colors_info=&#8221;{}&#8221;]En vue d\u2019adapter le site aux comportements des visiteurs, <strong>Isabelle Delannoy <\/strong>mesure le nombre de visites, le nombre de pages vues ainsi que de l&#8217;activit\u00e9 des visiteurs sur le site et leur fr\u00e9quence de retour.<br \/>\nMonsterInsight Google analytics est l&#8217;outil de statistiques utilis\u00e9 par le site web <strong>Isabelle Delannoy <\/strong>et g\u00e9n\u00e8re un cookie avec un identifiant unique.<\/p>\n<p><strong>Isabelle Delannoy <\/strong>collecte \u00e9galement votre adresse IP, afin de d\u00e9terminer la ville depuis laquelle vous vous connectez. Celle-ci est imm\u00e9diatement anonymis\u00e9e apr\u00e8s utilisation. <strong>Isabelle Delannoy <\/strong>ne peut donc en aucun cas remonter par ce biais \u00e0 une personne physique.<\/p>\n<p><strong>Les donn\u00e9es recueillies sont conserv\u00e9es dans le module du site Isabelle Delannoy <\/strong><strong>pour une dur\u00e9e de 13 mois <\/strong>(ou moins selon les r\u00e9glages de votre navigateur)<strong> et ne sont pas c\u00e9d\u00e9es \u00e0 des tiers ni utilis\u00e9es \u00e0 d&#8217;autres fins<\/strong><br \/>\n[\/et_pb_toggle][\/et_pb_column][et_pb_column type=&#8221;1_2&#8243; _builder_version=&#8221;3.25&#8243; custom_padding=&#8221;|||&#8221; global_colors_info=&#8221;{}&#8221; custom_padding__hover=&#8221;|||&#8221;][et_pb_text _builder_version=&#8221;4.7.4&#8243; _module_preset=&#8221;default&#8221; header_font=&#8221;|600|||||||&#8221; header_text_align=&#8221;center&#8221; header_text_color=&#8221;#666666&#8243; custom_margin=&#8221;||14px|||&#8221; locked=&#8221;off&#8221; global_colors_info=&#8221;{}&#8221;]<\/p>\n<h1>Donn\u00e9es personnelles et Politique de confidentialit\u00e9<\/h1>\n<p>[\/et_pb_text][et_pb_toggle title=&#8221;Identit\u00e9 du responsable de traitement&#8221; open_toggle_text_color=&#8221;#666666&#8243; open_toggle_background_color=&#8221;rgba(149,157,147,0.68)&#8221; closed_toggle_background_color=&#8221;#959d93&#8243; icon_color=&#8221;#FFFFFF&#8221; open_icon_color=&#8221;#FFFFFF&#8221; _builder_version=&#8221;4.13.0&#8243; _module_preset=&#8221;default&#8221; title_text_color=&#8221;#FFFFFF&#8221; title_font=&#8221;|600||||on|||&#8221; title_text_align=&#8221;justify&#8221; title_font_size=&#8221;20px&#8221; title_letter_spacing=&#8221;2px&#8221; title_line_height=&#8221;0.5em&#8221; body_font=&#8221;|600|||||||&#8221; body_text_align=&#8221;justify&#8221; body_text_color=&#8221;#333333&#8243; body_font_size=&#8221;16px&#8221; body_link_font=&#8221;||||on|on||#ffffff|&#8221; body_link_text_color=&#8221;#ffffff&#8221; text_orientation=&#8221;left&#8221; locked=&#8221;off&#8221; global_colors_info=&#8221;{}&#8221;]Le responsable de traitement est <strong>Isabelle Delannoy<\/strong><strong>\u00a0<\/strong>immatricul\u00e9e au R\u00e9pertoire des Entreprises et d\u2019\u00c9tablissement sous le n\u00b0498 245 331 00026, dont le si\u00e8ge social est situ\u00e9 au 9 rue de l&#8217;Hippodrome 93400 SAINT-OUEN-SUR-SEINE &#8211; France<br \/>\n[\/et_pb_toggle][et_pb_toggle title=&#8221;Collecte des donn\u00e9es personnelles&#8221; open_toggle_text_color=&#8221;#666666&#8243; open_toggle_background_color=&#8221;rgba(149,157,147,0.68)&#8221; closed_toggle_background_color=&#8221;#959d93&#8243; icon_color=&#8221;#FFFFFF&#8221; open_icon_color=&#8221;#FFFFFF&#8221; _builder_version=&#8221;4.13.0&#8243; _module_preset=&#8221;default&#8221; title_text_color=&#8221;#FFFFFF&#8221; title_font=&#8221;|600||||on|||&#8221; title_text_align=&#8221;justify&#8221; title_font_size=&#8221;20px&#8221; title_letter_spacing=&#8221;2px&#8221; title_line_height=&#8221;0.5em&#8221; body_font=&#8221;|600|||||||&#8221; body_text_align=&#8221;justify&#8221; body_text_color=&#8221;#333333&#8243; body_font_size=&#8221;16px&#8221; body_link_font=&#8221;||||on|on||#ffffff|&#8221; body_link_text_color=&#8221;#ffffff&#8221; text_orientation=&#8221;left&#8221; locked=&#8221;off&#8221; global_colors_info=&#8221;{}&#8221;]<strong>Isabelle Delannoy <\/strong>collecte vos donn\u00e9es personnelles (nom, pr\u00e9nom, adresse mail, et autres) lorsque vous : remplissez un formulaire du site, prenez contact par email, t\u00e9l\u00e9phone ou tout autre moyen.<br \/>\n[\/et_pb_toggle][et_pb_toggle title=&#8221;Utilisation des donn\u00e9es personnelles&#8221; open_toggle_text_color=&#8221;#666666&#8243; open_toggle_background_color=&#8221;rgba(149,157,147,0.68)&#8221; closed_toggle_background_color=&#8221;#959d93&#8243; icon_color=&#8221;#FFFFFF&#8221; open_icon_color=&#8221;#FFFFFF&#8221; _builder_version=&#8221;4.13.0&#8243; _module_preset=&#8221;default&#8221; title_text_color=&#8221;#FFFFFF&#8221; title_font=&#8221;|600||||on|||&#8221; title_text_align=&#8221;justify&#8221; title_font_size=&#8221;20px&#8221; title_letter_spacing=&#8221;2px&#8221; title_line_height=&#8221;0.5em&#8221; body_font=&#8221;|600|||||||&#8221; body_text_align=&#8221;justify&#8221; body_text_color=&#8221;#333333&#8243; body_font_size=&#8221;16px&#8221; body_link_font=&#8221;||||on|on||#ffffff|&#8221; body_link_text_color=&#8221;#ffffff&#8221; text_orientation=&#8221;left&#8221; locked=&#8221;off&#8221; global_colors_info=&#8221;{}&#8221;]<strong>Isabelle Delannoy <\/strong>utilise les renseignements ainsi collect\u00e9s pour les finalit\u00e9s suivantes : g\u00e9rer vos demandes, la relation commerciale, le site, l&#8217;envoi avec votre accord lorsque la r\u00e9glementation l\u2019exige, des e-mailings, la r\u00e9ponse aux demandes \u00e9ventuelles d\u2019exercice de droits en relation avec vos donn\u00e9es personnelles (cf. la section sur \u00ab vos droits \u00bb)<br \/>\n[\/et_pb_toggle][et_pb_toggle title=&#8221;Temps de conservation des donn\u00e9es personnelles&#8221; open_toggle_text_color=&#8221;#666666&#8243; open_toggle_background_color=&#8221;rgba(149,157,147,0.68)&#8221; closed_toggle_background_color=&#8221;#959d93&#8243; icon_color=&#8221;#FFFFFF&#8221; open_icon_color=&#8221;#FFFFFF&#8221; _builder_version=&#8221;4.13.0&#8243; _module_preset=&#8221;default&#8221; title_text_color=&#8221;#FFFFFF&#8221; title_font=&#8221;|600||||on|||&#8221; title_text_align=&#8221;justify&#8221; title_font_size=&#8221;20px&#8221; title_letter_spacing=&#8221;2px&#8221; title_line_height=&#8221;0.5em&#8221; body_font=&#8221;|600|||||||&#8221; body_text_align=&#8221;justify&#8221; body_text_color=&#8221;#333333&#8243; body_font_size=&#8221;16px&#8221; body_link_font=&#8221;||||on|on||#ffffff|&#8221; body_link_text_color=&#8221;#ffffff&#8221; text_orientation=&#8221;left&#8221; locked=&#8221;off&#8221; global_colors_info=&#8221;{}&#8221;]Conform\u00e9ment \u00e0 la r\u00e9glementation, <strong>Isabelle Delannoy<\/strong><strong>\u00a0<\/strong>s\u2019engage \u00e0 ne conserver vos donn\u00e9es personnelles que pour la dur\u00e9e n\u00e9cessaire \u00e0 l\u2019accomplissement des finalit\u00e9s pr\u00e9c\u00e9demment cit\u00e9es. Pour calculer ces dur\u00e9es de conservation, <strong>Isabelle Delannoy<\/strong><strong>\u00a0<\/strong>s\u2019appuie sur les crit\u00e8res suivants :<\/p>\n<ul>\n<li>La dur\u00e9e de votre contrat, si vous avez conclu un contrat<\/li>\n<li>Le temps n\u00e9cessaire pour traiter votre demande ou votre r\u00e9clamation<\/li>\n<li>Votre int\u00e9r\u00eat pour nos messages<\/li>\n<li>La n\u00e9cessit\u00e9 de conserver un certain historique de vos interactions avec nous, pour la bonne gestion de notre relation commerciale<\/li>\n<li>Nos obligations l\u00e9gales ou r\u00e9glementaires<\/li>\n<\/ul>\n<p><strong>Isabelle Delannoy <\/strong>est amen\u00e9 \u00e0 conserver, en archive, certaines de vos donn\u00e9es personnelles en vue d\u2019\u00eatre en mesure de r\u00e9pondre \u00e0 toute action en justice, et ce, pendant la dur\u00e9e de prescription pr\u00e9vue par la l\u00e9gislation applicable.<br \/>\n[\/et_pb_toggle][et_pb_toggle title=&#8221;Acc\u00e8s \u00e0 vos donn\u00e9es personnelles&#8221; open_toggle_text_color=&#8221;#666666&#8243; open_toggle_background_color=&#8221;rgba(149,157,147,0.68)&#8221; closed_toggle_background_color=&#8221;#959d93&#8243; icon_color=&#8221;#FFFFFF&#8221; open_icon_color=&#8221;#FFFFFF&#8221; _builder_version=&#8221;4.13.0&#8243; _module_preset=&#8221;default&#8221; title_text_color=&#8221;#FFFFFF&#8221; title_font=&#8221;|600||||on|||&#8221; title_text_align=&#8221;justify&#8221; title_font_size=&#8221;20px&#8221; title_letter_spacing=&#8221;2px&#8221; title_line_height=&#8221;0.5em&#8221; body_font=&#8221;|600|||||||&#8221; body_text_align=&#8221;justify&#8221; body_text_color=&#8221;#333333&#8243; body_font_size=&#8221;16px&#8221; body_link_font=&#8221;||||on|on||#ffffff|&#8221; body_link_text_color=&#8221;#ffffff&#8221; text_orientation=&#8221;left&#8221; locked=&#8221;off&#8221; global_colors_info=&#8221;{}&#8221;]<strong>Isabelle Delannoy <\/strong>peut \u00eatre amen\u00e9 \u00e0 partager vos donn\u00e9es personnelles avec des partenaires. Lorsque nous recourons \u00e0 des prestataires qui traitent tout ou partie de vos donn\u00e9es personnelles, ceci est fait dans la limite n\u00e9cessaire \u00e0 l\u2019accomplissement des t\u00e2ches qui leur sont confi\u00e9es (ex : h\u00e9bergement du site, services li\u00e9s \u00e0 l\u2019exploitation ou la maintenance du site, services concernant l\u2019envoi d\u2019e-mailing\u2026).<\/p>\n<p>Vos donn\u00e9es sont h\u00e9berg\u00e9es sur des serveurs situ\u00e9s dans l\u2019Espace \u00e9conomique europ\u00e9en (EEE).<\/p>\n<p>Enfin, <strong>Isabelle Delannoy<\/strong><strong>\u00a0<\/strong>peut \u00eatre amen\u00e9 \u00e0 communiquer vos donn\u00e9es personnelles \u00e0 des tiers afin de nous conformer \u00e0 toute obligation l\u00e9gale ou d\u00e9cision administrative ou de justice.<br \/>\n[\/et_pb_toggle][et_pb_toggle title=&#8221;Vos droits : acc\u00e8s, retrait et opposition&#8221; open_toggle_text_color=&#8221;#666666&#8243; open_toggle_background_color=&#8221;rgba(149,157,147,0.68)&#8221; closed_toggle_background_color=&#8221;#959d93&#8243; icon_color=&#8221;#FFFFFF&#8221; open_icon_color=&#8221;#FFFFFF&#8221; module_class=&#8221;vosdroits&#8221; _builder_version=&#8221;4.13.0&#8243; _module_preset=&#8221;default&#8221; title_text_color=&#8221;#FFFFFF&#8221; title_font=&#8221;|600||||on|||&#8221; title_text_align=&#8221;justify&#8221; title_font_size=&#8221;20px&#8221; title_letter_spacing=&#8221;2px&#8221; title_line_height=&#8221;0.5em&#8221; body_font=&#8221;|600|||||||&#8221; body_text_align=&#8221;justify&#8221; body_text_color=&#8221;#333333&#8243; body_font_size=&#8221;16px&#8221; body_link_font=&#8221;||||on|on||#ffffff|&#8221; body_link_text_color=&#8221;#ffffff&#8221; text_orientation=&#8221;left&#8221; locked=&#8221;off&#8221; global_colors_info=&#8221;{}&#8221;]<strong>Isabelle Delannoy <\/strong>s\u2019engage \u00e0 reconna\u00eetre un droit d&#8217;acc\u00e8s et de rectification aux personnes concern\u00e9es d\u00e9sireuses de consulter, modifier, voire radier les informations les concernant.<\/p>\n<p>Vous b\u00e9n\u00e9ficiez de plusieurs droits concernant le traitement de vos donn\u00e9es personnelles :<\/p>\n<ul>\n<li>Un droit d&#8217;acc\u00e8s \u00e0 vos donn\u00e9es personnelles, c\u2019est-\u00e0-dire le droit d\u2019en recevoir une copie<\/li>\n<li>Un droit de rectification, si vos donn\u00e9es s\u2019av\u00e9raient erron\u00e9es ou p\u00e9rim\u00e9es, ce qui nous permettra de nous conformer \u00e0 notre obligation d\u2019avoir des donn\u00e9es \u00e0 jour vous concernant<\/li>\n<li>Un droit \u00e0 l\u2019effacement (ou droit \u00e0 l\u2019oubli) de vos donn\u00e9es personnelles, lequel peut \u00eatre limit\u00e9 au regard de nos obligations contractuelles ou l\u00e9gales<\/li>\n<li>Un droit d\u2019opposition, sous r\u00e9serve de justifier de raisons tenant \u00e0 votre situation particuli\u00e8re, et du droit de demander la limitation du traitement de vos donn\u00e9es personnelles, dans certains cas pr\u00e9vus par la r\u00e9glementation,<\/li>\n<li>Un droit d\u2019opposition \u00e0 toute prospection commerciale,<\/li>\n<\/ul>\n<p>Pour exercer ces droits, prenez contact par mail ou courrier postal en justifiant de votre identit\u00e9.<br \/>\n[\/et_pb_toggle][et_pb_toggle title=&#8221;Transmission de vos donn\u00e9es personnelles&#8221; open_toggle_text_color=&#8221;#666666&#8243; open_toggle_background_color=&#8221;rgba(149,157,147,0.68)&#8221; closed_toggle_background_color=&#8221;#959d93&#8243; icon_color=&#8221;#FFFFFF&#8221; open_icon_color=&#8221;#FFFFFF&#8221; module_class=&#8221;vosdroits&#8221; _builder_version=&#8221;4.13.0&#8243; _module_preset=&#8221;default&#8221; title_text_color=&#8221;#FFFFFF&#8221; title_font=&#8221;|600||||on|||&#8221; title_text_align=&#8221;justify&#8221; title_font_size=&#8221;20px&#8221; title_letter_spacing=&#8221;2px&#8221; title_line_height=&#8221;0.5em&#8221; body_font=&#8221;|600|||||||&#8221; body_text_align=&#8221;justify&#8221; body_text_color=&#8221;#333333&#8243; body_font_size=&#8221;16px&#8221; body_link_font=&#8221;||||on|on||#ffffff|&#8221; body_link_text_color=&#8221;#ffffff&#8221; text_orientation=&#8221;left&#8221; locked=&#8221;off&#8221; global_colors_info=&#8221;{}&#8221;]Les donn\u00e9es ne sont pas transf\u00e9r\u00e9es en dehors de l\u2019Union europ\u00e9enne.<br \/>\n[\/et_pb_toggle][\/et_pb_column][\/et_pb_row][\/et_pb_section]<\/p>\n","protected":false},"excerpt":{"rendered":"<p>Mentions l\u00e9gales Le pr\u00e9sent site est la propri\u00e9t\u00e9 d&#8217;Isabelle Delannoy, immatricul\u00e9e au R\u00e9pertoire des Entreprises et d\u2019\u00c9tablissement sous le n\u00b0498 245 331 00026, dont le si\u00e8ge social est situ\u00e9 au 9 rue de l&#8217;Hippodrome 93400 SAINT-OUEN-SUR-SEINE &#8211; France. La directrice de la publication de ce site web est Isabelle Delannoy &amp; Alexia Aranega. La soci\u00e9t\u00e9 [&hellip;]<\/p>\n","protected":false},"author":12,"featured_media":0,"parent":0,"menu_order":0,"comment_status":"closed","ping_status":"closed","template":"","meta":{"_et_pb_use_builder":"on","_et_pb_old_content":"","_et_gb_content_width":"","footnotes":""},"class_list":["post-12264","page","type-page","status-publish","hentry"],"jetpack_sharing_enabled":true,"_links":{"self":[{"href":"https:\/\/isabelle-delannoy.com\/en\/wp-json\/wp\/v2\/pages\/12264","targetHints":{"allow":["GET"]}}],"collection":[{"href":"https:\/\/isabelle-delannoy.com\/en\/wp-json\/wp\/v2\/pages"}],"about":[{"href":"https:\/\/isabelle-delannoy.com\/en\/wp-json\/wp\/v2\/types\/page"}],"author":[{"embeddable":true,"href":"https:\/\/isabelle-delannoy.com\/en\/wp-json\/wp\/v2\/users\/12"}],"replies":[{"embeddable":true,"href":"https:\/\/isabelle-delannoy.com\/en\/wp-json\/wp\/v2\/comments?post=12264"}],"version-history":[{"count":0,"href":"https:\/\/isabelle-delannoy.com\/en\/wp-json\/wp\/v2\/pages\/12264\/revisions"}],"wp:attachment":[{"href":"https:\/\/isabelle-delannoy.com\/en\/wp-json\/wp\/v2\/media?parent=12264"}],"curies":[{"name":"wp","href":"https:\/\/api.w.org\/{rel}","templated":true}]}}